{"id":2,"date":"2025-06-13T10:41:39","date_gmt":"2025-06-13T10:41:39","guid":{"rendered":"https:\/\/otumetxukolaba.rkinformatika.online\/?page_id=2"},"modified":"2026-02-02T20:53:50","modified_gmt":"2026-02-02T20:53:50","slug":"hasiera","status":"publish","type":"page","link":"https:\/\/otumetxukolaba.eus\/es\/","title":{"rendered":"Inicio"},"content":{"rendered":"<div data-elementor-type=\"wp-page\" data-elementor-id=\"2\" class=\"elementor elementor-2\" data-elementor-post-type=\"page\">\n\t\t\t\t<div class=\"elementor-element elementor-element-c6393e9 e-flex e-con-boxed e-con e-parent\" data-id=\"c6393e9\" data-element_type=\"container\" data-e-type=\"container\" data-settings=\"{&quot;background_background&quot;:&quot;classic&quot;}\">\n\t\t\t\t\t<div class=\"e-con-inner\">\n\t\t\t\t<div class=\"elementor-element elementor-element-62a17ea elementor-widget__width-initial elementor-invisible elementor-widget elementor-widget-heading\" data-id=\"62a17ea\" data-element_type=\"widget\" data-e-type=\"widget\" data-settings=\"{&quot;_animation&quot;:&quot;fadeInLeft&quot;}\" data-widget_type=\"heading.default\">\n\t\t\t\t<div class=\"elementor-widget-container\">\n\t\t\t\t\t<h2 class=\"elementor-heading-title elementor-size-default\">LAVA DE OTUMETXU<\/h2>\t\t\t\t<\/div>\n\t\t\t\t<\/div>\n\t\t\t\t<div class=\"elementor-element elementor-element-1b80d57 elementor-widget__width-initial elementor-invisible elementor-widget elementor-widget-text-editor\" data-id=\"1b80d57\" data-element_type=\"widget\" data-e-type=\"widget\" data-settings=\"{&quot;_animation&quot;:&quot;fadeInUp&quot;}\" data-widget_type=\"text-editor.default\">\n\t\t\t\t<div class=\"elementor-widget-container\">\n\t\t\t\t\t\t\t\t\t<p>Pan artesano al lavabo de le\u00f1a<\/p>\t\t\t\t\t\t\t\t<\/div>\n\t\t\t\t<\/div>\n\t\t\t\t\t<\/div>\n\t\t\t\t<\/div>\n\t\t<div class=\"elementor-element elementor-element-de9156c e-flex e-con-boxed e-con e-parent\" data-id=\"de9156c\" data-element_type=\"container\" data-e-type=\"container\" data-settings=\"{&quot;background_background&quot;:&quot;classic&quot;}\">\n\t\t\t\t\t<div class=\"e-con-inner\">\n\t\t<div class=\"elementor-element elementor-element-ab1585c e-con-full e-flex e-con e-child\" data-id=\"ab1585c\" data-element_type=\"container\" data-e-type=\"container\">\n\t\t\t\t<div class=\"elementor-element elementor-element-b373d3e elementor-widget elementor-widget-heading\" data-id=\"b373d3e\" data-element_type=\"widget\" data-e-type=\"widget\" data-widget_type=\"heading.default\">\n\t\t\t\t<div class=\"elementor-widget-container\">\n\t\t\t\t\t<h2 class=\"elementor-heading-title elementor-size-default\">Qui\u00e9nes somos<\/h2>\t\t\t\t<\/div>\n\t\t\t\t<\/div>\n\t\t\t\t<div class=\"elementor-element elementor-element-045c165 elementor-widget elementor-widget-text-editor\" data-id=\"045c165\" data-element_type=\"widget\" data-e-type=\"widget\" data-widget_type=\"text-editor.default\">\n\t\t\t\t<div class=\"elementor-widget-container\">\n\t\t\t\t\t\t\t\t\t<p>En el caser\u00edo Otumetxu de Me\u00f1akabarrena elaboramos pan con productos ecol\u00f3gicos y artesanalmente. Para pastorear el pan utilizamos masa madre y despu\u00e9s de una fermentaci\u00f3n larga hacemos un alimento saludable en el lavabo de madera.<\/p>\t\t\t\t\t\t\t\t<\/div>\n\t\t\t\t<\/div>\n\t\t\t\t<\/div>\n\t\t<div class=\"elementor-element elementor-element-89765a7 e-con-full e-flex e-con e-child\" data-id=\"89765a7\" data-element_type=\"container\" data-e-type=\"container\">\n\t\t\t\t<div class=\"elementor-element elementor-element-81e1401 elementor-widget elementor-widget-image\" data-id=\"81e1401\" data-element_type=\"widget\" data-e-type=\"widget\" data-widget_type=\"image.default\">\n\t\t\t\t<div class=\"elementor-widget-container\">\n\t\t\t\t\t\t\t\t\t\t\t\t\t\t\t<img fetchpriority=\"high\" decoding=\"async\" width=\"768\" height=\"1024\" src=\"https:\/\/otumetxukolaba.eus\/wp-content\/uploads\/2025\/06\/0007__DSF2035-768x1024.jpg\" class=\"attachment-large size-large wp-image-139\" alt=\"\" srcset=\"https:\/\/otumetxukolaba.eus\/wp-content\/uploads\/2025\/06\/0007__DSF2035-768x1024.jpg 768w, https:\/\/otumetxukolaba.eus\/wp-content\/uploads\/2025\/06\/0007__DSF2035-225x300.jpg 225w, https:\/\/otumetxukolaba.eus\/wp-content\/uploads\/2025\/06\/0007__DSF2035-9x12.jpg 9w\" sizes=\"(max-width: 768px) 100vw, 768px\" \/>\t\t\t\t\t\t\t\t\t\t\t\t\t\t\t<\/div>\n\t\t\t\t<\/div>\n\t\t\t\t<\/div>\n\t\t\t\t\t<\/div>\n\t\t\t\t<\/div>\n\t\t<div class=\"elementor-element elementor-element-5e6af16 e-con-full e-flex e-con e-parent\" data-id=\"5e6af16\" data-element_type=\"container\" data-e-type=\"container\" data-settings=\"{&quot;background_background&quot;:&quot;classic&quot;}\">\n\t\t\t\t<div class=\"elementor-element elementor-element-8529628 elementor-cta--skin-cover elementor-cta--valign-middle elementor-animated-content elementor-bg-transform elementor-bg-transform-zoom-in elementor-widget elementor-widget-call-to-action\" data-id=\"8529628\" data-element_type=\"widget\" data-e-type=\"widget\" data-widget_type=\"call-to-action.default\">\n\t\t\t\t<div class=\"elementor-widget-container\">\n\t\t\t\t\t\t\t<div class=\"elementor-cta\">\n\t\t\t\t\t<div class=\"elementor-cta__bg-wrapper\">\n\t\t\t\t<div class=\"elementor-cta__bg elementor-bg\" style=\"background-image: url(https:\/\/otumetxukolaba.eus\/wp-content\/uploads\/2025\/06\/zekale-ogia-1024x768.jpg);\" role=\"img\" aria-label=\"zekale ogia\"><\/div>\n\t\t\t\t<div class=\"elementor-cta__bg-overlay\"><\/div>\n\t\t\t<\/div>\n\t\t\t\t\t\t\t<div class=\"elementor-cta__content\">\n\t\t\t\t\n\t\t\t\t\t\t\t\t\t<h2 class=\"elementor-cta__title elementor-cta__content-item elementor-content-item elementor-animated-item--grow\">\n\t\t\t\t\t\tOgi integralak eta semi integralak. Begiratu!\t\t\t\t\t<\/h2>\n\t\t\t\t\n\t\t\t\t\t\t\t\t\t<div class=\"elementor-cta__description elementor-cta__content-item elementor-content-item elementor-animated-item--grow\">\n\t\t\t\t\t\tTenemos preparados los mejores productos para tus necesidades.\t\t\t\t\t<\/div>\n\t\t\t\t\n\t\t\t\t\t\t\t\t\t<div class=\"elementor-cta__button-wrapper elementor-cta__content-item elementor-content-item elementor-animated-item--grow\">\n\t\t\t\t\t<a class=\"elementor-cta__button elementor-button elementor-size-\" href=\"https:\/\/otumetxukolaba.eus\/es\/produktuak\/\">\n\t\t\t\t\t\tProductos\t\t\t\t\t<\/a>\n\t\t\t\t\t<\/div>\n\t\t\t\t\t\t\t<\/div>\n\t\t\t\t\t\t<\/div>\n\t\t\t\t\t\t<\/div>\n\t\t\t\t<\/div>\n\t\t\t\t<\/div>\n\t\t\t\t<\/div>","protected":false},"excerpt":{"rendered":"<p>OTUMETXUKO LABA Egur labasuan egindako ogi artisaua Nor gara Me\u00f1akabarrenako Otumetxu baserrian egur labasuan egiten dugu ogia, produktu ekologikoekin eta era artisauan. Ogia artzitzeko ama orea erabiltzen dugu eta fermentazio luzea egin ostean egurrezko labasuan elikagai osasuntsua egiten dugu. Ogi integralak eta semi integralak. Begiratu! Zure beharretarako produkturik onenak prest ditugu. Produktuak<\/p>","protected":false},"author":1,"featured_media":0,"parent":0,"menu_order":0,"comment_status":"closed","ping_status":"closed","template":"elementor_canvas","meta":{"footnotes":""},"class_list":["post-2","page","type-page","status-publish","hentry"],"yoast_head":"<!-- This site is optimized with the Yoast SEO plugin v27.5 - https:\/\/yoast.com\/product\/yoast-seo-wordpress\/ -->\n<title>Hasiera - Otumetxuko Laba<\/title>\n<meta name=\"robots\" content=\"index, follow, max-snippet:-1, max-image-preview:large, max-video-preview:-1\" \/>\n<link rel=\"canonical\" href=\"https:\/\/otumetxukolaba.eus\/es\/\" \/>\n<meta property=\"og:locale\" content=\"es_ES\" \/>\n<meta property=\"og:type\" content=\"article\" \/>\n<meta property=\"og:title\" content=\"Hasiera - Otumetxuko Laba\" \/>\n<meta property=\"og:description\" content=\"OTUMETXUKO LABA Egur labasuan egindako ogi artisaua Nor gara Me\u00f1akabarrenako Otumetxu baserrian egur labasuan egiten dugu ogia, produktu ekologikoekin eta era artisauan. Ogia artzitzeko ama orea erabiltzen dugu eta fermentazio luzea egin ostean egurrezko labasuan elikagai osasuntsua egiten dugu. Ogi integralak eta semi integralak. Begiratu! Zure beharretarako produkturik onenak prest ditugu. Produktuak\" \/>\n<meta property=\"og:url\" content=\"https:\/\/otumetxukolaba.eus\/es\/\" \/>\n<meta property=\"og:site_name\" content=\"Otumetxuko Laba\" \/>\n<meta property=\"article:modified_time\" content=\"2026-02-02T20:53:50+00:00\" \/>\n<meta property=\"og:image\" content=\"https:\/\/otumetxukolaba.eus\/wp-content\/uploads\/2025\/06\/0007__DSF2035-768x1024.jpg\" \/>\n\t<meta property=\"og:image:width\" content=\"768\" \/>\n\t<meta property=\"og:image:height\" content=\"1024\" \/>\n\t<meta property=\"og:image:type\" content=\"image\/jpeg\" \/>\n<meta name=\"twitter:card\" content=\"summary_large_image\" \/>\n<meta name=\"twitter:label1\" content=\"Tiempo de lectura\" \/>\n\t<meta name=\"twitter:data1\" content=\"1 minuto\" \/>\n<script type=\"application\/ld+json\" class=\"yoast-schema-graph\">{\"@context\":\"https:\\\/\\\/schema.org\",\"@graph\":[{\"@type\":\"WebPage\",\"@id\":\"https:\\\/\\\/otumetxukolaba.eus\\\/\",\"url\":\"https:\\\/\\\/otumetxukolaba.eus\\\/\",\"name\":\"Hasiera - Otumetxuko Laba\",\"isPartOf\":{\"@id\":\"https:\\\/\\\/otumetxukolaba.eus\\\/#website\"},\"primaryImageOfPage\":{\"@id\":\"https:\\\/\\\/otumetxukolaba.eus\\\/#primaryimage\"},\"image\":{\"@id\":\"https:\\\/\\\/otumetxukolaba.eus\\\/#primaryimage\"},\"thumbnailUrl\":\"https:\\\/\\\/otumetxukolaba.eus\\\/wp-content\\\/uploads\\\/2025\\\/06\\\/0007__DSF2035-768x1024.jpg\",\"datePublished\":\"2025-06-13T10:41:39+00:00\",\"dateModified\":\"2026-02-02T20:53:50+00:00\",\"breadcrumb\":{\"@id\":\"https:\\\/\\\/otumetxukolaba.eus\\\/#breadcrumb\"},\"inLanguage\":\"es\",\"potentialAction\":[{\"@type\":\"ReadAction\",\"target\":[\"https:\\\/\\\/otumetxukolaba.eus\\\/\"]}]},{\"@type\":\"ImageObject\",\"inLanguage\":\"es\",\"@id\":\"https:\\\/\\\/otumetxukolaba.eus\\\/#primaryimage\",\"url\":\"https:\\\/\\\/otumetxukolaba.eus\\\/wp-content\\\/uploads\\\/2025\\\/06\\\/0007__DSF2035-768x1024.jpg\",\"contentUrl\":\"https:\\\/\\\/otumetxukolaba.eus\\\/wp-content\\\/uploads\\\/2025\\\/06\\\/0007__DSF2035-768x1024.jpg\"},{\"@type\":\"BreadcrumbList\",\"@id\":\"https:\\\/\\\/otumetxukolaba.eus\\\/#breadcrumb\",\"itemListElement\":[{\"@type\":\"ListItem\",\"position\":1,\"name\":\"Portada\",\"item\":\"https:\\\/\\\/otumetxukolaba.eus\\\/\"},{\"@type\":\"ListItem\",\"position\":2,\"name\":\"Hasiera\"}]},{\"@type\":\"WebSite\",\"@id\":\"https:\\\/\\\/otumetxukolaba.eus\\\/#website\",\"url\":\"https:\\\/\\\/otumetxukolaba.eus\\\/\",\"name\":\"Otumetxuko Laba\",\"description\":\"Egur labasuan egindako ogi artisaua\",\"publisher\":{\"@id\":\"https:\\\/\\\/otumetxukolaba.eus\\\/#organization\"},\"potentialAction\":[{\"@type\":\"SearchAction\",\"target\":{\"@type\":\"EntryPoint\",\"urlTemplate\":\"https:\\\/\\\/otumetxukolaba.eus\\\/?s={search_term_string}\"},\"query-input\":{\"@type\":\"PropertyValueSpecification\",\"valueRequired\":true,\"valueName\":\"search_term_string\"}}],\"inLanguage\":\"es\"},{\"@type\":\"Organization\",\"@id\":\"https:\\\/\\\/otumetxukolaba.eus\\\/#organization\",\"name\":\"Otumetxuko Laba\",\"url\":\"https:\\\/\\\/otumetxukolaba.eus\\\/\",\"logo\":{\"@type\":\"ImageObject\",\"inLanguage\":\"es\",\"@id\":\"https:\\\/\\\/otumetxukolaba.eus\\\/#\\\/schema\\\/logo\\\/image\\\/\",\"url\":\"https:\\\/\\\/otumetxukolaba.eus\\\/wp-content\\\/uploads\\\/2025\\\/06\\\/cropped-otumetxuko-LABAb.jpg\",\"contentUrl\":\"https:\\\/\\\/otumetxukolaba.eus\\\/wp-content\\\/uploads\\\/2025\\\/06\\\/cropped-otumetxuko-LABAb.jpg\",\"width\":890,\"height\":188,\"caption\":\"Otumetxuko Laba\"},\"image\":{\"@id\":\"https:\\\/\\\/otumetxukolaba.eus\\\/#\\\/schema\\\/logo\\\/image\\\/\"}}]}<\/script>\n<!-- \/ Yoast SEO plugin. -->","yoast_head_json":{"title":"Hasiera - Otumetxuko Laba","robots":{"index":"index","follow":"follow","max-snippet":"max-snippet:-1","max-image-preview":"max-image-preview:large","max-video-preview":"max-video-preview:-1"},"canonical":"https:\/\/otumetxukolaba.eus\/es\/","og_locale":"es_ES","og_type":"article","og_title":"Hasiera - Otumetxuko Laba","og_description":"OTUMETXUKO LABA Egur labasuan egindako ogi artisaua Nor gara Me\u00f1akabarrenako Otumetxu baserrian egur labasuan egiten dugu ogia, produktu ekologikoekin eta era artisauan. Ogia artzitzeko ama orea erabiltzen dugu eta fermentazio luzea egin ostean egurrezko labasuan elikagai osasuntsua egiten dugu. Ogi integralak eta semi integralak. Begiratu! Zure beharretarako produkturik onenak prest ditugu. Produktuak","og_url":"https:\/\/otumetxukolaba.eus\/es\/","og_site_name":"Otumetxuko Laba","article_modified_time":"2026-02-02T20:53:50+00:00","og_image":[{"width":768,"height":1024,"url":"https:\/\/otumetxukolaba.eus\/wp-content\/uploads\/2025\/06\/0007__DSF2035-768x1024.jpg","type":"image\/jpeg"}],"twitter_card":"summary_large_image","twitter_misc":{"Tiempo de lectura":"1 minuto"},"schema":{"@context":"https:\/\/schema.org","@graph":[{"@type":"WebPage","@id":"https:\/\/otumetxukolaba.eus\/","url":"https:\/\/otumetxukolaba.eus\/","name":"Hasiera - Otumetxuko Laba","isPartOf":{"@id":"https:\/\/otumetxukolaba.eus\/#website"},"primaryImageOfPage":{"@id":"https:\/\/otumetxukolaba.eus\/#primaryimage"},"image":{"@id":"https:\/\/otumetxukolaba.eus\/#primaryimage"},"thumbnailUrl":"https:\/\/otumetxukolaba.eus\/wp-content\/uploads\/2025\/06\/0007__DSF2035-768x1024.jpg","datePublished":"2025-06-13T10:41:39+00:00","dateModified":"2026-02-02T20:53:50+00:00","breadcrumb":{"@id":"https:\/\/otumetxukolaba.eus\/#breadcrumb"},"inLanguage":"es","potentialAction":[{"@type":"ReadAction","target":["https:\/\/otumetxukolaba.eus\/"]}]},{"@type":"ImageObject","inLanguage":"es","@id":"https:\/\/otumetxukolaba.eus\/#primaryimage","url":"https:\/\/otumetxukolaba.eus\/wp-content\/uploads\/2025\/06\/0007__DSF2035-768x1024.jpg","contentUrl":"https:\/\/otumetxukolaba.eus\/wp-content\/uploads\/2025\/06\/0007__DSF2035-768x1024.jpg"},{"@type":"BreadcrumbList","@id":"https:\/\/otumetxukolaba.eus\/#breadcrumb","itemListElement":[{"@type":"ListItem","position":1,"name":"Portada","item":"https:\/\/otumetxukolaba.eus\/"},{"@type":"ListItem","position":2,"name":"Hasiera"}]},{"@type":"WebSite","@id":"https:\/\/otumetxukolaba.eus\/#website","url":"https:\/\/otumetxukolaba.eus\/","name":"Otumetxuko Laba","description":"Pan artesano al lavabo de le\u00f1a","publisher":{"@id":"https:\/\/otumetxukolaba.eus\/#organization"},"potentialAction":[{"@type":"SearchAction","target":{"@type":"EntryPoint","urlTemplate":"https:\/\/otumetxukolaba.eus\/?s={search_term_string}"},"query-input":{"@type":"PropertyValueSpecification","valueRequired":true,"valueName":"search_term_string"}}],"inLanguage":"es"},{"@type":"Organization","@id":"https:\/\/otumetxukolaba.eus\/#organization","name":"Otumetxuko Laba","url":"https:\/\/otumetxukolaba.eus\/","logo":{"@type":"ImageObject","inLanguage":"es","@id":"https:\/\/otumetxukolaba.eus\/#\/schema\/logo\/image\/","url":"https:\/\/otumetxukolaba.eus\/wp-content\/uploads\/2025\/06\/cropped-otumetxuko-LABAb.jpg","contentUrl":"https:\/\/otumetxukolaba.eus\/wp-content\/uploads\/2025\/06\/cropped-otumetxuko-LABAb.jpg","width":890,"height":188,"caption":"Otumetxuko Laba"},"image":{"@id":"https:\/\/otumetxukolaba.eus\/#\/schema\/logo\/image\/"}}]}},"_links":{"self":[{"href":"https:\/\/otumetxukolaba.eus\/es\/wp-json\/wp\/v2\/pages\/2","targetHints":{"allow":["GET"]}}],"collection":[{"href":"https:\/\/otumetxukolaba.eus\/es\/wp-json\/wp\/v2\/pages"}],"about":[{"href":"https:\/\/otumetxukolaba.eus\/es\/wp-json\/wp\/v2\/types\/page"}],"author":[{"embeddable":true,"href":"https:\/\/otumetxukolaba.eus\/es\/wp-json\/wp\/v2\/users\/1"}],"replies":[{"embeddable":true,"href":"https:\/\/otumetxukolaba.eus\/es\/wp-json\/wp\/v2\/comments?post=2"}],"version-history":[{"count":85,"href":"https:\/\/otumetxukolaba.eus\/es\/wp-json\/wp\/v2\/pages\/2\/revisions"}],"predecessor-version":[{"id":355,"href":"https:\/\/otumetxukolaba.eus\/es\/wp-json\/wp\/v2\/pages\/2\/revisions\/355"}],"wp:attachment":[{"href":"https:\/\/otumetxukolaba.eus\/es\/wp-json\/wp\/v2\/media?parent=2"}],"curies":[{"name":"wp","href":"https:\/\/api.w.org\/{rel}","templated":true}]}}